{"id":1820,"date":"2025-07-30T22:12:48","date_gmt":"2025-07-30T22:12:48","guid":{"rendered":"https:\/\/zuna.com.tr\/?post_type=product&#038;p=1820"},"modified":"2025-07-30T22:16:12","modified_gmt":"2025-07-30T22:16:12","slug":"helix-time","status":"publish","type":"product","link":"https:\/\/zuna.com.tr\/index.php\/product\/helix-time\/","title":{"rendered":"Helix Time"},"content":{"rendered":"<p data-start=\"127\" data-end=\"170\">Zamana alt\u0131n bir dokunu\u015f: Helix.<br \/>\nSadece bir saat de\u011fil, bir heykel gibi.<br \/>\nGeometrik formu ve \u015feffaf mekanizmas\u0131yla hem zaman\u0131 hem de mek\u00e2n\u0131 odak noktas\u0131na al\u0131r.<\/p>\n<p>\u2728 L\u00fcks detaylarla dekorasyonuna karakter katmak istiyorsan Helix tam sana g\u00f6re.<\/p>\n","protected":false},"excerpt":{"rendered":"<p>Zamana alt\u0131n bir dokunu\u015f: Helix.<br \/>\nSadece bir saat de\u011fil, bir heykel gibi.<br \/>\nGeometrik formu ve \u015feffaf mekanizmas\u0131yla hem zaman\u0131 hem de mek\u00e2n\u0131 odak noktas\u0131na al\u0131r.<\/p>\n<p>\u2728 L\u00fcks detaylarla dekorasyonuna karakter katmak istiyorsan Helix tam sana g\u00f6re.<\/p>\n","protected":false},"featured_media":1825,"comment_status":"open","ping_status":"closed","template":"","meta":[],"product_brand":[],"product_cat":[55],"product_tag":[],"class_list":{"0":"post-1820","1":"product","2":"type-product","3":"status-publish","4":"has-post-thumbnail","6":"product_cat-tamamlayici","8":"first","9":"instock","10":"taxable","11":"shipping-taxable","12":"purchasable","13":"product-type-simple"},"jetpack_sharing_enabled":true,"_links":{"self":[{"href":"https:\/\/zuna.com.tr\/index.php\/wp-json\/wp\/v2\/product\/1820","targetHints":{"allow":["GET"]}}],"collection":[{"href":"https:\/\/zuna.com.tr\/index.php\/wp-json\/wp\/v2\/product"}],"about":[{"href":"https:\/\/zuna.com.tr\/index.php\/wp-json\/wp\/v2\/types\/product"}],"replies":[{"embeddable":true,"href":"https:\/\/zuna.com.tr\/index.php\/wp-json\/wp\/v2\/comments?post=1820"}],"version-history":[{"count":1,"href":"https:\/\/zuna.com.tr\/index.php\/wp-json\/wp\/v2\/product\/1820\/revisions"}],"predecessor-version":[{"id":1826,"href":"https:\/\/zuna.com.tr\/index.php\/wp-json\/wp\/v2\/product\/1820\/revisions\/1826"}],"wp:featuredmedia":[{"embeddable":true,"href":"https:\/\/zuna.com.tr\/index.php\/wp-json\/wp\/v2\/media\/1825"}],"wp:attachment":[{"href":"https:\/\/zuna.com.tr\/index.php\/wp-json\/wp\/v2\/media?parent=1820"}],"wp:term":[{"taxonomy":"product_brand","embeddable":true,"href":"https:\/\/zuna.com.tr\/index.php\/wp-json\/wp\/v2\/product_brand?post=1820"},{"taxonomy":"product_cat","embeddable":true,"href":"https:\/\/zuna.com.tr\/index.php\/wp-json\/wp\/v2\/product_cat?post=1820"},{"taxonomy":"product_tag","embeddable":true,"href":"https:\/\/zuna.com.tr\/index.php\/wp-json\/wp\/v2\/product_tag?post=1820"}],"curies":[{"name":"wp","href":"https:\/\/api.w.org\/{rel}","templated":true}]}}