{"id":1813,"date":"2025-07-30T22:08:39","date_gmt":"2025-07-30T22:08:39","guid":{"rendered":"https:\/\/zuna.com.tr\/?post_type=product&#038;p=1813"},"modified":"2025-07-30T22:11:15","modified_gmt":"2025-07-30T22:11:15","slug":"geometra-kup","status":"publish","type":"product","link":"https:\/\/zuna.com.tr\/index.php\/product\/geometra-kup\/","title":{"rendered":"Geometra K\u00fcp"},"content":{"rendered":"<p data-start=\"131\" data-end=\"194\">Geometra<br \/>\nSiyah ve beyaz\u0131n cesur geometrisi, alt\u0131n detaylarla birle\u015ferek modern ve l\u00fcks bir siluet olu\u015fturuyor.<br \/>\nHer detay\u0131nda zarafet, her \u00e7izgisinde denge var.<br \/>\nMermer y\u00fczeyler, koyu duvarlar ve Geometra\u2026<br \/>\nMinimalizmin en g\u00f6steri\u015fli hali.<\/p>\n<p>\ud83d\udda4 S\u0131n\u0131rl\u0131 say\u0131da.<br \/>\n\ud83d\udccd Zuna koleksiyonunda<\/p>\n","protected":false},"excerpt":{"rendered":"<p>Geometra<br \/>\nSiyah ve beyaz\u0131n cesur geometrisi, alt\u0131n detaylarla birle\u015ferek modern ve l\u00fcks bir siluet olu\u015fturuyor.<br \/>\nHer detay\u0131nda zarafet, her \u00e7izgisinde denge var.<br \/>\nMermer y\u00fczeyler, koyu duvarlar ve Geometra\u2026<br \/>\nMinimalizmin en g\u00f6steri\u015fli hali.<\/p>\n<p>\ud83d\udda4 S\u0131n\u0131rl\u0131 say\u0131da.<br \/>\n\ud83d\udccd Zuna koleksiyonunda<\/p>\n","protected":false},"featured_media":1815,"comment_status":"open","ping_status":"closed","template":"","meta":[],"product_brand":[],"product_cat":[54],"product_tag":[],"class_list":{"0":"post-1813","1":"product","2":"type-product","3":"status-publish","4":"has-post-thumbnail","6":"product_cat-seramik","8":"first","9":"instock","10":"taxable","11":"shipping-taxable","12":"purchasable","13":"product-type-simple"},"jetpack_sharing_enabled":true,"_links":{"self":[{"href":"https:\/\/zuna.com.tr\/index.php\/wp-json\/wp\/v2\/product\/1813","targetHints":{"allow":["GET"]}}],"collection":[{"href":"https:\/\/zuna.com.tr\/index.php\/wp-json\/wp\/v2\/product"}],"about":[{"href":"https:\/\/zuna.com.tr\/index.php\/wp-json\/wp\/v2\/types\/product"}],"replies":[{"embeddable":true,"href":"https:\/\/zuna.com.tr\/index.php\/wp-json\/wp\/v2\/comments?post=1813"}],"version-history":[{"count":2,"href":"https:\/\/zuna.com.tr\/index.php\/wp-json\/wp\/v2\/product\/1813\/revisions"}],"predecessor-version":[{"id":1819,"href":"https:\/\/zuna.com.tr\/index.php\/wp-json\/wp\/v2\/product\/1813\/revisions\/1819"}],"wp:featuredmedia":[{"embeddable":true,"href":"https:\/\/zuna.com.tr\/index.php\/wp-json\/wp\/v2\/media\/1815"}],"wp:attachment":[{"href":"https:\/\/zuna.com.tr\/index.php\/wp-json\/wp\/v2\/media?parent=1813"}],"wp:term":[{"taxonomy":"product_brand","embeddable":true,"href":"https:\/\/zuna.com.tr\/index.php\/wp-json\/wp\/v2\/product_brand?post=1813"},{"taxonomy":"product_cat","embeddable":true,"href":"https:\/\/zuna.com.tr\/index.php\/wp-json\/wp\/v2\/product_cat?post=1813"},{"taxonomy":"product_tag","embeddable":true,"href":"https:\/\/zuna.com.tr\/index.php\/wp-json\/wp\/v2\/product_tag?post=1813"}],"curies":[{"name":"wp","href":"https:\/\/api.w.org\/{rel}","templated":true}]}}