{"id":1793,"date":"2025-07-30T21:57:49","date_gmt":"2025-07-30T21:57:49","guid":{"rendered":"https:\/\/zuna.com.tr\/?post_type=product&#038;p=1793"},"modified":"2025-07-30T21:59:47","modified_gmt":"2025-07-30T21:59:47","slug":"cubisca-kup","status":"publish","type":"product","link":"https:\/\/zuna.com.tr\/index.php\/product\/cubisca-kup\/","title":{"rendered":"Cubisca K\u00fcp"},"content":{"rendered":"<p data-start=\"131\" data-end=\"194\">\ud83c\udfa8 Sanat, \u015fimdi dekorun ta kendisi.<br \/>\nCubisca, k\u00fcbist detaylar\u0131yla klasik formlar\u0131 d\u00f6n\u00fc\u015ft\u00fcr\u00fcyor.<br \/>\nS\u0131radan vazolar\u0131n \u00f6tesinde, sanat\u0131 ya\u015fam alan\u0131na ta\u015f\u0131yan bir imza par\u00e7a.<\/p>\n<p>\ud83d\udda4 Koyu tonlu mek\u00e2nlarda dramatik bir etki yaratmak isteyenler i\u00e7in birebir.<\/p>\n","protected":false},"excerpt":{"rendered":"<p>\ud83c\udfa8 Sanat, \u015fimdi dekorun ta kendisi.<br \/>\nCubisca, k\u00fcbist detaylar\u0131yla klasik formlar\u0131 d\u00f6n\u00fc\u015ft\u00fcr\u00fcyor.<br \/>\nS\u0131radan vazolar\u0131n \u00f6tesinde, sanat\u0131 ya\u015fam alan\u0131na ta\u015f\u0131yan bir imza par\u00e7a.<\/p>\n<p>\ud83d\udda4 Koyu tonlu mek\u00e2nlarda dramatik bir etki yaratmak isteyenler i\u00e7in birebir.<\/p>\n","protected":false},"featured_media":1794,"comment_status":"open","ping_status":"closed","template":"","meta":[],"product_brand":[],"product_cat":[54],"product_tag":[],"class_list":{"0":"post-1793","1":"product","2":"type-product","3":"status-publish","4":"has-post-thumbnail","6":"product_cat-seramik","8":"first","9":"instock","10":"taxable","11":"shipping-taxable","12":"purchasable","13":"product-type-simple"},"jetpack_sharing_enabled":true,"_links":{"self":[{"href":"https:\/\/zuna.com.tr\/index.php\/wp-json\/wp\/v2\/product\/1793","targetHints":{"allow":["GET"]}}],"collection":[{"href":"https:\/\/zuna.com.tr\/index.php\/wp-json\/wp\/v2\/product"}],"about":[{"href":"https:\/\/zuna.com.tr\/index.php\/wp-json\/wp\/v2\/types\/product"}],"replies":[{"embeddable":true,"href":"https:\/\/zuna.com.tr\/index.php\/wp-json\/wp\/v2\/comments?post=1793"}],"version-history":[{"count":1,"href":"https:\/\/zuna.com.tr\/index.php\/wp-json\/wp\/v2\/product\/1793\/revisions"}],"predecessor-version":[{"id":1798,"href":"https:\/\/zuna.com.tr\/index.php\/wp-json\/wp\/v2\/product\/1793\/revisions\/1798"}],"wp:featuredmedia":[{"embeddable":true,"href":"https:\/\/zuna.com.tr\/index.php\/wp-json\/wp\/v2\/media\/1794"}],"wp:attachment":[{"href":"https:\/\/zuna.com.tr\/index.php\/wp-json\/wp\/v2\/media?parent=1793"}],"wp:term":[{"taxonomy":"product_brand","embeddable":true,"href":"https:\/\/zuna.com.tr\/index.php\/wp-json\/wp\/v2\/product_brand?post=1793"},{"taxonomy":"product_cat","embeddable":true,"href":"https:\/\/zuna.com.tr\/index.php\/wp-json\/wp\/v2\/product_cat?post=1793"},{"taxonomy":"product_tag","embeddable":true,"href":"https:\/\/zuna.com.tr\/index.php\/wp-json\/wp\/v2\/product_tag?post=1793"}],"curies":[{"name":"wp","href":"https:\/\/api.w.org\/{rel}","templated":true}]}}