{"id":1785,"date":"2025-07-30T21:49:13","date_gmt":"2025-07-30T21:49:13","guid":{"rendered":"https:\/\/zuna.com.tr\/?post_type=product&#038;p=1785"},"modified":"2025-07-30T21:53:48","modified_gmt":"2025-07-30T21:53:48","slug":"cosma-saat","status":"publish","type":"product","link":"https:\/\/zuna.com.tr\/index.php\/product\/cosma-saat\/","title":{"rendered":"Cosma Saat"},"content":{"rendered":"<p data-start=\"127\" data-end=\"170\">Cosma<br \/>\nZaman\u0131 sadece \u00f6l\u00e7mek de\u011fil, sergilemek isteyenler i\u00e7in tasarland\u0131.<br \/>\nAlt\u0131n tonlu zarif g\u00f6vdesiyle, evinize hem nostalji hem de sofistike bir duru\u015f getirir.<br \/>\nMekanik ruhu, g\u00f6ksel ilham\u0131 ta\u015f\u0131yor.<\/p>\n<p>\ud83d\udd70\ufe0f Dekoratif masa saati<br \/>\n\u2728 Zuna koleksiyonunda<\/p>\n","protected":false},"excerpt":{"rendered":"<p>Cosma<br \/>\nZaman\u0131 sadece \u00f6l\u00e7mek de\u011fil, sergilemek isteyenler i\u00e7in tasarland\u0131.<br \/>\nAlt\u0131n tonlu zarif g\u00f6vdesiyle, evinize hem nostalji hem de sofistike bir duru\u015f getirir.<br \/>\nMekanik ruhu, g\u00f6ksel ilham\u0131 ta\u015f\u0131yor.<\/p>\n<p>\ud83d\udd70\ufe0f Dekoratif masa saati<br \/>\n\u2728 Zuna koleksiyonunda<\/p>\n","protected":false},"featured_media":1790,"comment_status":"open","ping_status":"closed","template":"","meta":[],"product_brand":[],"product_cat":[55],"product_tag":[],"class_list":{"0":"post-1785","1":"product","2":"type-product","3":"status-publish","4":"has-post-thumbnail","6":"product_cat-tamamlayici","8":"first","9":"instock","10":"taxable","11":"shipping-taxable","12":"purchasable","13":"product-type-simple"},"jetpack_sharing_enabled":true,"_links":{"self":[{"href":"https:\/\/zuna.com.tr\/index.php\/wp-json\/wp\/v2\/product\/1785","targetHints":{"allow":["GET"]}}],"collection":[{"href":"https:\/\/zuna.com.tr\/index.php\/wp-json\/wp\/v2\/product"}],"about":[{"href":"https:\/\/zuna.com.tr\/index.php\/wp-json\/wp\/v2\/types\/product"}],"replies":[{"embeddable":true,"href":"https:\/\/zuna.com.tr\/index.php\/wp-json\/wp\/v2\/comments?post=1785"}],"version-history":[{"count":2,"href":"https:\/\/zuna.com.tr\/index.php\/wp-json\/wp\/v2\/product\/1785\/revisions"}],"predecessor-version":[{"id":1792,"href":"https:\/\/zuna.com.tr\/index.php\/wp-json\/wp\/v2\/product\/1785\/revisions\/1792"}],"wp:featuredmedia":[{"embeddable":true,"href":"https:\/\/zuna.com.tr\/index.php\/wp-json\/wp\/v2\/media\/1790"}],"wp:attachment":[{"href":"https:\/\/zuna.com.tr\/index.php\/wp-json\/wp\/v2\/media?parent=1785"}],"wp:term":[{"taxonomy":"product_brand","embeddable":true,"href":"https:\/\/zuna.com.tr\/index.php\/wp-json\/wp\/v2\/product_brand?post=1785"},{"taxonomy":"product_cat","embeddable":true,"href":"https:\/\/zuna.com.tr\/index.php\/wp-json\/wp\/v2\/product_cat?post=1785"},{"taxonomy":"product_tag","embeddable":true,"href":"https:\/\/zuna.com.tr\/index.php\/wp-json\/wp\/v2\/product_tag?post=1785"}],"curies":[{"name":"wp","href":"https:\/\/api.w.org\/{rel}","templated":true}]}}