{"id":1766,"date":"2025-07-30T21:23:04","date_gmt":"2025-07-30T21:23:04","guid":{"rendered":"https:\/\/zuna.com.tr\/?post_type=product&#038;p=1766"},"modified":"2025-07-30T21:30:35","modified_gmt":"2025-07-30T21:30:35","slug":"nova-moda-kup","status":"publish","type":"product","link":"https:\/\/zuna.com.tr\/index.php\/product\/nova-moda-kup\/","title":{"rendered":"Nova Moda k\u00fcp"},"content":{"rendered":"<p>\u265f\ufe0f NOVA MODA \u2013 Denge ve Desenin Dans\u0131<\/p>\n<p>Modern zeminlerde zamans\u0131z bir dokunu\u015f: Nova Moda.<br \/>\nSiyah-beyaz damal\u0131 formu ve alt\u0131n yans\u0131malar\u0131yla hem klasik hem cesur.<\/p>\n<p>\ud83d\udccdSergile ya da sakla \u2013 her haliyle bir tasar\u0131m objesi.<br \/>\n\u2728 Zuna koleksiyonunun iddial\u0131 par\u00e7as\u0131.<\/p>\n","protected":false},"excerpt":{"rendered":"<p>\u265f\ufe0f NOVA MODA \u2013 Denge ve Desenin Dans\u0131<\/p>\n<p>Modern zeminlerde zamans\u0131z bir dokunu\u015f: Nova Moda.<br \/>\nSiyah-beyaz damal\u0131 formu ve alt\u0131n yans\u0131malar\u0131yla hem klasik hem cesur.<\/p>\n<p>\ud83d\udccdSergile ya da sakla \u2013 her haliyle bir tasar\u0131m objesi.<br \/>\n\u2728 Zuna koleksiyonunun iddial\u0131 par\u00e7as\u0131.<\/p>\n","protected":false},"featured_media":1767,"comment_status":"open","ping_status":"closed","template":"","meta":[],"product_brand":[],"product_cat":[54],"product_tag":[],"class_list":{"0":"post-1766","1":"product","2":"type-product","3":"status-publish","4":"has-post-thumbnail","6":"product_cat-seramik","8":"first","9":"instock","10":"taxable","11":"shipping-taxable","12":"purchasable","13":"product-type-simple"},"jetpack_sharing_enabled":true,"_links":{"self":[{"href":"https:\/\/zuna.com.tr\/index.php\/wp-json\/wp\/v2\/product\/1766","targetHints":{"allow":["GET"]}}],"collection":[{"href":"https:\/\/zuna.com.tr\/index.php\/wp-json\/wp\/v2\/product"}],"about":[{"href":"https:\/\/zuna.com.tr\/index.php\/wp-json\/wp\/v2\/types\/product"}],"replies":[{"embeddable":true,"href":"https:\/\/zuna.com.tr\/index.php\/wp-json\/wp\/v2\/comments?post=1766"}],"version-history":[{"count":3,"href":"https:\/\/zuna.com.tr\/index.php\/wp-json\/wp\/v2\/product\/1766\/revisions"}],"predecessor-version":[{"id":1774,"href":"https:\/\/zuna.com.tr\/index.php\/wp-json\/wp\/v2\/product\/1766\/revisions\/1774"}],"wp:featuredmedia":[{"embeddable":true,"href":"https:\/\/zuna.com.tr\/index.php\/wp-json\/wp\/v2\/media\/1767"}],"wp:attachment":[{"href":"https:\/\/zuna.com.tr\/index.php\/wp-json\/wp\/v2\/media?parent=1766"}],"wp:term":[{"taxonomy":"product_brand","embeddable":true,"href":"https:\/\/zuna.com.tr\/index.php\/wp-json\/wp\/v2\/product_brand?post=1766"},{"taxonomy":"product_cat","embeddable":true,"href":"https:\/\/zuna.com.tr\/index.php\/wp-json\/wp\/v2\/product_cat?post=1766"},{"taxonomy":"product_tag","embeddable":true,"href":"https:\/\/zuna.com.tr\/index.php\/wp-json\/wp\/v2\/product_tag?post=1766"}],"curies":[{"name":"wp","href":"https:\/\/api.w.org\/{rel}","templated":true}]}}