{"id":1657,"date":"2025-07-29T08:04:52","date_gmt":"2025-07-29T08:04:52","guid":{"rendered":"https:\/\/zuna.com.tr\/?post_type=product&#038;p=1657"},"modified":"2025-07-30T21:06:10","modified_gmt":"2025-07-30T21:06:10","slug":"2li-traverten-hasir-disk","status":"publish","type":"product","link":"https:\/\/zuna.com.tr\/index.php\/product\/2li-traverten-hasir-disk\/","title":{"rendered":"Terra traverten"},"content":{"rendered":"<p>Do\u011fal Ta\u015f\u0131n Zarafetiyle \u015e\u0131kl\u0131\u011f\u0131n Bulu\u015fmas\u0131<\/p>\n<p>&nbsp;<\/p>\n<p>2\u2019li Traverten Has\u0131r Disk seti, do\u011fall\u0131\u011f\u0131n ve el i\u015f\u00e7ili\u011finin birle\u015fti\u011fi \u00f6zel bir dekoratif objedir. Traverten ta\u015f\u0131n\u0131n zamans\u0131z dokusu ile has\u0131r detaylar\u0131n\u0131n s\u0131cakl\u0131\u011f\u0131 bir araya gelerek sade ama etkileyici bir g\u00f6r\u00fcn\u00fcm sunar.<\/p>\n<p>&nbsp;<\/p>\n<p>%100 do\u011fal traverten ta\u015f\u0131ndan \u00fcretilmi\u015ftir.<\/p>\n<p>&nbsp;<\/p>\n<p>Has\u0131r dokusu ile rustik, bohem ve do\u011fal dekorasyon stillerine uyum sa\u011flar.<\/p>\n<p>&nbsp;<\/p>\n<p>2\u2019li set olarak, farkl\u0131 boyutlarda dengeli bir g\u00f6r\u00fcn\u00fcm sunar.<\/p>\n<p>&nbsp;<\/p>\n<p>Masa, raf, sehpa ve dresuar gibi alanlarda \u015f\u0131k bir tamamlay\u0131c\u0131d\u0131r.<\/p>\n<p>&nbsp;<\/p>\n<p>El i\u015f\u00e7ili\u011fiyle \u00fcretilmi\u015ftir, her par\u00e7a benzersizdir.<\/p>\n<p>&nbsp;<\/p>\n<p>&nbsp;<\/p>\n<p>Do\u011fadan ilham alan sadeli\u011fiyle ya\u015fam alanlar\u0131n\u0131za s\u0131cakl\u0131k ve estetik bir dokunu\u015f kazand\u0131r\u0131r.<\/p>\n","protected":false},"excerpt":{"rendered":"<p>Do\u011fan\u0131n dinginli\u011fiyle tasar\u0131m\u0131 birle\u015ftirdik: Terra.<br \/>\nTravertenin ham g\u00fcc\u00fcyle \u015fekillenen bu \u00f6zel obje, mek\u00e2nlara sade ama g\u00fc\u00e7l\u00fc bir duru\u015f kazand\u0131r\u0131yor.<br \/>\nDo\u011fal tonlar\u0131n huzurunu sevenler i\u00e7in zamans\u0131z bir dekor par\u00e7as\u0131.<\/p>\n<p>\ud83e\udea8 Minimal ya\u015fam alanlar\u0131n\u0131n vazge\u00e7ilmez tamamlay\u0131c\u0131s\u0131.<\/p>\n","protected":false},"featured_media":1710,"comment_status":"open","ping_status":"closed","template":"","meta":[],"product_brand":[],"product_cat":[55],"product_tag":[],"class_list":{"0":"post-1657","1":"product","2":"type-product","3":"status-publish","4":"has-post-thumbnail","6":"product_cat-tamamlayici","8":"first","9":"instock","10":"taxable","11":"shipping-taxable","12":"purchasable","13":"product-type-simple"},"jetpack_sharing_enabled":true,"_links":{"self":[{"href":"https:\/\/zuna.com.tr\/index.php\/wp-json\/wp\/v2\/product\/1657","targetHints":{"allow":["GET"]}}],"collection":[{"href":"https:\/\/zuna.com.tr\/index.php\/wp-json\/wp\/v2\/product"}],"about":[{"href":"https:\/\/zuna.com.tr\/index.php\/wp-json\/wp\/v2\/types\/product"}],"replies":[{"embeddable":true,"href":"https:\/\/zuna.com.tr\/index.php\/wp-json\/wp\/v2\/comments?post=1657"}],"version-history":[{"count":3,"href":"https:\/\/zuna.com.tr\/index.php\/wp-json\/wp\/v2\/product\/1657\/revisions"}],"predecessor-version":[{"id":1740,"href":"https:\/\/zuna.com.tr\/index.php\/wp-json\/wp\/v2\/product\/1657\/revisions\/1740"}],"wp:featuredmedia":[{"embeddable":true,"href":"https:\/\/zuna.com.tr\/index.php\/wp-json\/wp\/v2\/media\/1710"}],"wp:attachment":[{"href":"https:\/\/zuna.com.tr\/index.php\/wp-json\/wp\/v2\/media?parent=1657"}],"wp:term":[{"taxonomy":"product_brand","embeddable":true,"href":"https:\/\/zuna.com.tr\/index.php\/wp-json\/wp\/v2\/product_brand?post=1657"},{"taxonomy":"product_cat","embeddable":true,"href":"https:\/\/zuna.com.tr\/index.php\/wp-json\/wp\/v2\/product_cat?post=1657"},{"taxonomy":"product_tag","embeddable":true,"href":"https:\/\/zuna.com.tr\/index.php\/wp-json\/wp\/v2\/product_tag?post=1657"}],"curies":[{"name":"wp","href":"https:\/\/api.w.org\/{rel}","templated":true}]}}