{"id":1650,"date":"2025-07-29T07:18:38","date_gmt":"2025-07-29T07:18:38","guid":{"rendered":"https:\/\/zuna.com.tr\/?post_type=product&#038;p=1650"},"modified":"2025-07-30T21:08:08","modified_gmt":"2025-07-30T21:08:08","slug":"eskitme-oturan-adam-2li-13-10-cm-traverten","status":"publish","type":"product","link":"https:\/\/zuna.com.tr\/index.php\/product\/eskitme-oturan-adam-2li-13-10-cm-traverten\/","title":{"rendered":"Mirra Traverten"},"content":{"rendered":"<p data-start=\"127\" data-end=\"170\">Mek\u00e2nlarda anlam arayanlara: Mirra.<br \/>\nTravertenin do\u011fall\u0131\u011f\u0131, heykelsi bir formda hayat buldu.<br \/>\nEl i\u015f\u00e7ili\u011fiyle \u015fekillenen bu \u00f6zel par\u00e7a, sadece bir obje de\u011fil; bir bak\u0131\u015f noktas\u0131, bir duru\u015f ifadesi.<\/p>\n","protected":false},"excerpt":{"rendered":"<p>Mek\u00e2nlarda anlam arayanlara: Mirra.<br \/>\nTravertenin do\u011fall\u0131\u011f\u0131, heykelsi bir formda hayat buldu.<br \/>\nEl i\u015f\u00e7ili\u011fiyle \u015fekillenen bu \u00f6zel par\u00e7a, sadece bir obje de\u011fil; bir bak\u0131\u015f noktas\u0131, bir duru\u015f ifadesi.<\/p>\n","protected":false},"featured_media":1651,"comment_status":"open","ping_status":"closed","template":"","meta":[],"product_brand":[],"product_cat":[53],"product_tag":[],"class_list":{"0":"post-1650","1":"product","2":"type-product","3":"status-publish","4":"has-post-thumbnail","6":"product_cat-aksesuar","8":"first","9":"instock","10":"taxable","11":"shipping-taxable","12":"purchasable","13":"product-type-simple"},"jetpack_sharing_enabled":true,"_links":{"self":[{"href":"https:\/\/zuna.com.tr\/index.php\/wp-json\/wp\/v2\/product\/1650","targetHints":{"allow":["GET"]}}],"collection":[{"href":"https:\/\/zuna.com.tr\/index.php\/wp-json\/wp\/v2\/product"}],"about":[{"href":"https:\/\/zuna.com.tr\/index.php\/wp-json\/wp\/v2\/types\/product"}],"replies":[{"embeddable":true,"href":"https:\/\/zuna.com.tr\/index.php\/wp-json\/wp\/v2\/comments?post=1650"}],"version-history":[{"count":3,"href":"https:\/\/zuna.com.tr\/index.php\/wp-json\/wp\/v2\/product\/1650\/revisions"}],"predecessor-version":[{"id":1741,"href":"https:\/\/zuna.com.tr\/index.php\/wp-json\/wp\/v2\/product\/1650\/revisions\/1741"}],"wp:featuredmedia":[{"embeddable":true,"href":"https:\/\/zuna.com.tr\/index.php\/wp-json\/wp\/v2\/media\/1651"}],"wp:attachment":[{"href":"https:\/\/zuna.com.tr\/index.php\/wp-json\/wp\/v2\/media?parent=1650"}],"wp:term":[{"taxonomy":"product_brand","embeddable":true,"href":"https:\/\/zuna.com.tr\/index.php\/wp-json\/wp\/v2\/product_brand?post=1650"},{"taxonomy":"product_cat","embeddable":true,"href":"https:\/\/zuna.com.tr\/index.php\/wp-json\/wp\/v2\/product_cat?post=1650"},{"taxonomy":"product_tag","embeddable":true,"href":"https:\/\/zuna.com.tr\/index.php\/wp-json\/wp\/v2\/product_tag?post=1650"}],"curies":[{"name":"wp","href":"https:\/\/api.w.org\/{rel}","templated":true}]}}