{"id":1571,"date":"2025-07-27T20:21:28","date_gmt":"2025-07-27T20:21:28","guid":{"rendered":"https:\/\/zuna.com.tr\/?post_type=product&#038;p=1571"},"modified":"2025-07-30T20:59:39","modified_gmt":"2025-07-30T20:59:39","slug":"2-li-ahsap-kaide-cam-fuzyon","status":"publish","type":"product","link":"https:\/\/zuna.com.tr\/index.php\/product\/2-li-ahsap-kaide-cam-fuzyon\/","title":{"rendered":"Solaris"},"content":{"rendered":"<p data-start=\"131\" data-end=\"187\"><strong data-start=\"131\" data-end=\"187\">Zarafetin ve El \u0130\u015f\u00e7ili\u011finin Bulu\u015ftu\u011fu \u00d6zel Bir Par\u00e7a<\/strong><\/p>\n<p data-start=\"189\" data-end=\"490\">Modern estetikle geleneksel zanaatk\u00e2rl\u0131\u011f\u0131 bulu\u015fturan <i>solaris<\/i>, g\u00f6z al\u0131c\u0131 turuncu tonlar\u0131yla ya\u015fam alanlar\u0131n\u0131za s\u0131cakl\u0131k kat\u0131yor. El i\u015f\u00e7ili\u011fiyle \u00fcretilen cam f\u00fczyon formlar, do\u011fal ah\u015fap kaideler \u00fczerinde zarif bir \u015fekilde sergilenirken her biri benzersiz bir duru\u015f sergiler.<\/p>\n<ul data-start=\"492\" data-end=\"717\">\n<li data-start=\"492\" data-end=\"541\">\n<p data-start=\"494\" data-end=\"541\">\u00d6zg\u00fcn tasar\u0131m\u0131yla dekoratif bir \u015f\u0131kl\u0131k sunar.<\/p>\n<\/li>\n<li data-start=\"542\" data-end=\"602\">\n<p data-start=\"544\" data-end=\"602\">Cam\u0131n zarif \u0131\u015f\u0131lt\u0131s\u0131 ile ah\u015fab\u0131n s\u0131cak dokusu bir arada.<\/p>\n<\/li>\n<li data-start=\"603\" data-end=\"667\">\n<p data-start=\"605\" data-end=\"667\">Ofis, salon, \u00e7al\u0131\u015fma odas\u0131 ve hediye se\u00e7enekleri i\u00e7in ideal.<\/p>\n<\/li>\n<li data-start=\"668\" data-end=\"717\">\n<p data-start=\"670\" data-end=\"717\">El yap\u0131m\u0131 oldu\u011fundan her biri \u00f6zel ve e\u015fsizdir.<\/p>\n<\/li>\n<\/ul>\n<p data-start=\"719\" data-end=\"810\">Sanat\u0131 ve sadeli\u011fi bir araya getiren bu \u00f6zel par\u00e7a, bulundu\u011fu ortama karakter kazand\u0131r\u0131r.<\/p>\n","protected":false},"excerpt":{"rendered":"<p>Zarafetin ve El \u0130\u015f\u00e7ili\u011finin Bulu\u015ftu\u011fu \u00d6zel Bir Par\u00e7a Modern estetikle geleneksel zanaatk\u00e2rl\u0131\u011f\u0131 bulu\u015fturan solaris, g\u00f6z al\u0131c\u0131 turuncu tonlar\u0131yla ya\u015fam alanlar\u0131n\u0131za s\u0131cakl\u0131k kat\u0131yor. El i\u015f\u00e7ili\u011fiyle \u00fcretilen cam f\u00fczyon formlar, do\u011fal ah\u015fap kaideler \u00fczerinde zarif bir \u015fekilde sergilenirken her biri benzersiz bir duru\u015f sergiler. \u00d6zg\u00fcn tasar\u0131m\u0131yla dekoratif bir \u015f\u0131kl\u0131k sunar. Cam\u0131n zarif \u0131\u015f\u0131lt\u0131s\u0131 ile ah\u015fab\u0131n s\u0131cak dokusu [&hellip;]<\/p>\n","protected":false},"featured_media":1565,"comment_status":"open","ping_status":"closed","template":"","meta":[],"product_brand":[],"product_cat":[53],"product_tag":[],"class_list":{"0":"post-1571","1":"product","2":"type-product","3":"status-publish","4":"has-post-thumbnail","6":"product_cat-aksesuar","8":"first","9":"instock","10":"taxable","11":"shipping-taxable","12":"purchasable","13":"product-type-simple"},"jetpack_sharing_enabled":true,"_links":{"self":[{"href":"https:\/\/zuna.com.tr\/index.php\/wp-json\/wp\/v2\/product\/1571","targetHints":{"allow":["GET"]}}],"collection":[{"href":"https:\/\/zuna.com.tr\/index.php\/wp-json\/wp\/v2\/product"}],"about":[{"href":"https:\/\/zuna.com.tr\/index.php\/wp-json\/wp\/v2\/types\/product"}],"replies":[{"embeddable":true,"href":"https:\/\/zuna.com.tr\/index.php\/wp-json\/wp\/v2\/comments?post=1571"}],"version-history":[{"count":1,"href":"https:\/\/zuna.com.tr\/index.php\/wp-json\/wp\/v2\/product\/1571\/revisions"}],"predecessor-version":[{"id":1716,"href":"https:\/\/zuna.com.tr\/index.php\/wp-json\/wp\/v2\/product\/1571\/revisions\/1716"}],"wp:featuredmedia":[{"embeddable":true,"href":"https:\/\/zuna.com.tr\/index.php\/wp-json\/wp\/v2\/media\/1565"}],"wp:attachment":[{"href":"https:\/\/zuna.com.tr\/index.php\/wp-json\/wp\/v2\/media?parent=1571"}],"wp:term":[{"taxonomy":"product_brand","embeddable":true,"href":"https:\/\/zuna.com.tr\/index.php\/wp-json\/wp\/v2\/product_brand?post=1571"},{"taxonomy":"product_cat","embeddable":true,"href":"https:\/\/zuna.com.tr\/index.php\/wp-json\/wp\/v2\/product_cat?post=1571"},{"taxonomy":"product_tag","embeddable":true,"href":"https:\/\/zuna.com.tr\/index.php\/wp-json\/wp\/v2\/product_tag?post=1571"}],"curies":[{"name":"wp","href":"https:\/\/api.w.org\/{rel}","templated":true}]}}