{"id":1511,"date":"2025-01-01T17:48:46","date_gmt":"2025-01-01T17:48:46","guid":{"rendered":"https:\/\/marinothemes.com\/wp\/minimalin\/?page_id=52"},"modified":"2025-07-23T17:28:49","modified_gmt":"2025-07-23T17:28:49","slug":"categories","status":"publish","type":"page","link":"https:\/\/zuna.com.tr\/index.php\/categories\/","title":{"rendered":"Categories"},"content":{"rendered":"\t\t<div data-elementor-type=\"wp-page\" data-elementor-id=\"1511\" class=\"elementor elementor-1511\">\n\t\t\t\t<div class=\"elementor-element elementor-element-46dcc51 e-flex e-con-boxed e-con e-parent\" data-id=\"46dcc51\" data-element_type=\"container\">\n\t\t\t\t\t<div class=\"e-con-inner\">\n\t\t\t\t<div class=\"elementor-element elementor-element-0b9c8de elementor-widget elementor-widget-minimalin_product_categories\" data-id=\"0b9c8de\" data-element_type=\"widget\" data-settings=\"{&quot;project_box_space&quot;:{&quot;unit&quot;:&quot;px&quot;,&quot;top&quot;:&quot;&quot;,&quot;right&quot;:&quot;&quot;,&quot;bottom&quot;:&quot;&quot;,&quot;left&quot;:&quot;&quot;,&quot;isLinked&quot;:true},&quot;project_box_space_tablet&quot;:{&quot;unit&quot;:&quot;px&quot;,&quot;top&quot;:&quot;&quot;,&quot;right&quot;:&quot;&quot;,&quot;bottom&quot;:&quot;&quot;,&quot;left&quot;:&quot;&quot;,&quot;isLinked&quot;:true},&quot;project_box_space_mobile&quot;:{&quot;unit&quot;:&quot;px&quot;,&quot;top&quot;:&quot;&quot;,&quot;right&quot;:&quot;&quot;,&quot;bottom&quot;:&quot;&quot;,&quot;left&quot;:&quot;&quot;,&quot;isLinked&quot;:true},&quot;project_box_padding&quot;:{&quot;unit&quot;:&quot;px&quot;,&quot;top&quot;:&quot;&quot;,&quot;right&quot;:&quot;&quot;,&quot;bottom&quot;:&quot;&quot;,&quot;left&quot;:&quot;&quot;,&quot;isLinked&quot;:true},&quot;project_box_padding_tablet&quot;:{&quot;unit&quot;:&quot;px&quot;,&quot;top&quot;:&quot;&quot;,&quot;right&quot;:&quot;&quot;,&quot;bottom&quot;:&quot;&quot;,&quot;left&quot;:&quot;&quot;,&quot;isLinked&quot;:true},&quot;project_box_padding_mobile&quot;:{&quot;unit&quot;:&quot;px&quot;,&quot;top&quot;:&quot;&quot;,&quot;right&quot;:&quot;&quot;,&quot;bottom&quot;:&quot;&quot;,&quot;left&quot;:&quot;&quot;,&quot;isLinked&quot;:true}}\" data-widget_type=\"minimalin_product_categories.default\">\n\t\t\t\t<div class=\"elementor-widget-container\">\n\t\t\t\t\t<div class=\"collection__2 sp_top_80 sp_bottom_50\"><div class=\"container\"><div class=\"row\"><div class=\"col-xl-3 col-lg-3 col-md-4 col-sm-6 col-6 bn-project-box\"><div class=\"collection__single__2\"><div class=\"collection__img__2 te-img\"><img decoding=\"async\" src=\"https:\/\/zuna.com.tr\/wp-content\/uploads\/2025\/07\/GNC9892-scaled.png\" alt=\"Aksesuar\"><\/div><div class=\"collection__text__2\"><h5 class=\"te-title\"><a href=\"https:\/\/zuna.com.tr\/index.php\/product-category\/aksesuar\/\">Aksesuar<\/a><\/h5><h6 class=\"bn-project-price\">(5 items)<\/h6><\/div><\/div><\/div><div class=\"col-xl-3 col-lg-3 col-md-4 col-sm-6 col-6 bn-project-box\"><div class=\"collection__single__2\"><div class=\"collection__img__2 te-img\"><img decoding=\"async\" src=\"https:\/\/zuna.com.tr\/wp-content\/uploads\/2025\/07\/2.png\" alt=\"Seramik\"><\/div><div class=\"collection__text__2\"><h5 class=\"te-title\"><a href=\"https:\/\/zuna.com.tr\/index.php\/product-category\/seramik\/\">Seramik<\/a><\/h5><h6 class=\"bn-project-price\">(8 items)<\/h6><\/div><\/div><\/div><div class=\"col-xl-3 col-lg-3 col-md-4 col-sm-6 col-6 bn-project-box\"><div class=\"collection__single__2\"><div class=\"collection__img__2 te-img\"><img decoding=\"async\" src=\"https:\/\/zuna.com.tr\/wp-content\/uploads\/2025\/07\/GNC9854bb.png\" alt=\"Tamamlay\u0131c\u0131 \u00dcr\u00fcn\"><\/div><div class=\"collection__text__2\"><h5 class=\"te-title\"><a href=\"https:\/\/zuna.com.tr\/index.php\/product-category\/tamamlayici\/\">Tamamlay\u0131c\u0131 \u00dcr\u00fcn<\/a><\/h5><h6 class=\"bn-project-price\">(4 items)<\/h6><\/div><\/div><\/div><\/div><\/div><\/div>\t\t\t\t<\/div>\n\t\t\t\t<\/div>\n\t\t\t\t\t<\/div>\n\t\t\t\t<\/div>\n\t\t\t\t<\/div>\n\t\t","protected":false},"excerpt":{"rendered":"<p>Beauty (5 items) Bracelets (7 items) Diamond (3 items) Electronics (5 items) Fashion (8 items) Gold (5 items) Jewelry (10 items) Silver (5 items)<\/p>\n","protected":false},"author":1,"featured_media":0,"parent":0,"menu_order":0,"comment_status":"closed","ping_status":"closed","template":"tpl-default-elementor.php","meta":{"footnotes":""},"class_list":["post-1511","page","type-page","status-publish","hentry"],"jetpack_sharing_enabled":true,"_links":{"self":[{"href":"https:\/\/zuna.com.tr\/index.php\/wp-json\/wp\/v2\/pages\/1511","targetHints":{"allow":["GET"]}}],"collection":[{"href":"https:\/\/zuna.com.tr\/index.php\/wp-json\/wp\/v2\/pages"}],"about":[{"href":"https:\/\/zuna.com.tr\/index.php\/wp-json\/wp\/v2\/types\/page"}],"author":[{"embeddable":true,"href":"https:\/\/zuna.com.tr\/index.php\/wp-json\/wp\/v2\/users\/1"}],"replies":[{"embeddable":true,"href":"https:\/\/zuna.com.tr\/index.php\/wp-json\/wp\/v2\/comments?post=1511"}],"version-history":[{"count":1,"href":"https:\/\/zuna.com.tr\/index.php\/wp-json\/wp\/v2\/pages\/1511\/revisions"}],"predecessor-version":[{"id":1531,"href":"https:\/\/zuna.com.tr\/index.php\/wp-json\/wp\/v2\/pages\/1511\/revisions\/1531"}],"wp:attachment":[{"href":"https:\/\/zuna.com.tr\/index.php\/wp-json\/wp\/v2\/media?parent=1511"}],"curies":[{"name":"wp","href":"https:\/\/api.w.org\/{rel}","templated":true}]}}