{"id":1508,"date":"2025-01-01T17:48:11","date_gmt":"2025-01-01T17:48:11","guid":{"rendered":"https:\/\/marinothemes.com\/wp\/minimalin\/?page_id=51"},"modified":"2025-07-27T20:52:06","modified_gmt":"2025-07-27T20:52:06","slug":"iletisim","status":"publish","type":"page","link":"https:\/\/zuna.com.tr\/index.php\/iletisim\/","title":{"rendered":"\u0130leti\u015fim"},"content":{"rendered":"\t\t<div data-elementor-type=\"wp-page\" data-elementor-id=\"1508\" class=\"elementor elementor-1508\">\n\t\t\t\t<div class=\"elementor-element elementor-element-054bd10 e-flex e-con-boxed e-con e-parent\" data-id=\"054bd10\" data-element_type=\"container\">\n\t\t\t\t\t<div class=\"e-con-inner\">\n\t\t<div class=\"elementor-element elementor-element-bea099b e-con-full e-flex e-con e-child\" data-id=\"bea099b\" data-element_type=\"container\">\n\t\t\t\t<div class=\"elementor-element elementor-element-d5ef6a9 elementor-widget elementor-widget-minimalin_hero_title\" data-id=\"d5ef6a9\" data-element_type=\"widget\" data-widget_type=\"minimalin_hero_title.default\">\n\t\t\t\t<div class=\"elementor-widget-container\">\n\t\t\t\t\t\r\n\t\t<div class=\"cowndown__banner__title te-box-title\">\r\n\t\t\t<h2 class=\"te-title minimalin-size-default\">Bize Yaz\u0131n<\/h2>\t\t\t<p class=\"te-text\">bilgi@zuna.com.tr<br>\nemreerustt@gmail.com\n<\/p>\t\t<\/div>\r\n    \r\n    \t\t\t\t<\/div>\n\t\t\t\t<\/div>\n\t\t\t\t<\/div>\n\t\t<div class=\"elementor-element elementor-element-2c927b2 e-con-full e-flex e-con e-child\" data-id=\"2c927b2\" data-element_type=\"container\">\n\t\t\t\t<div class=\"elementor-element elementor-element-814e8a5 elementor-widget elementor-widget-minimalin_hero_title\" data-id=\"814e8a5\" data-element_type=\"widget\" data-widget_type=\"minimalin_hero_title.default\">\n\t\t\t\t<div class=\"elementor-widget-container\">\n\t\t\t\t\t\r\n\t\t<div class=\"cowndown__banner__title te-box-title\">\r\n\t\t\t<h2 class=\"te-title minimalin-size-default\">Bizi Aray\u0131n<\/h2>\t\t\t<p class=\"te-text\">+90 534 898 10 41<br>\n+90 850 554 97 52<\/p>\t\t<\/div>\r\n    \r\n    \t\t\t\t<\/div>\n\t\t\t\t<\/div>\n\t\t\t\t<\/div>\n\t\t<div class=\"elementor-element elementor-element-d67a168 e-con-full e-flex e-con e-child\" data-id=\"d67a168\" data-element_type=\"container\">\n\t\t\t\t<div class=\"elementor-element elementor-element-a48c359 elementor-widget elementor-widget-minimalin_hero_title\" data-id=\"a48c359\" data-element_type=\"widget\" data-widget_type=\"minimalin_hero_title.default\">\n\t\t\t\t<div class=\"elementor-widget-container\">\n\t\t\t\t\t\r\n\t\t<div class=\"cowndown__banner__title te-box-title\">\r\n\t\t\t<h2 class=\"te-title minimalin-size-default\">Bize Ula\u015f\u0131n<\/h2>\t\t\t<p class=\"te-text\">K\u0131z\u0131ltoprak mah. Mevlana caddesi s\u00f6zer apt no:8 kat:1 daire:2 Muratpa\u015fa\/ Antalya<\/p>\t\t<\/div>\r\n    \r\n    \t\t\t\t<\/div>\n\t\t\t\t<\/div>\n\t\t\t\t<\/div>\n\t\t\t\t\t<\/div>\n\t\t\t\t<\/div>\n\t\t<div class=\"elementor-element elementor-element-2206ee9 e-con-full e-flex e-con e-parent\" data-id=\"2206ee9\" data-element_type=\"container\">\n\t\t\t\t<div class=\"elementor-element elementor-element-bd8836e elementor-widget elementor-widget-minimalin_form\" data-id=\"bd8836e\" data-element_type=\"widget\" data-settings=\"{&quot;form_spacing&quot;:{&quot;unit&quot;:&quot;px&quot;,&quot;top&quot;:&quot;&quot;,&quot;right&quot;:&quot;&quot;,&quot;bottom&quot;:&quot;&quot;,&quot;left&quot;:&quot;&quot;,&quot;isLinked&quot;:true},&quot;form_spacing_tablet&quot;:{&quot;unit&quot;:&quot;px&quot;,&quot;top&quot;:&quot;&quot;,&quot;right&quot;:&quot;&quot;,&quot;bottom&quot;:&quot;&quot;,&quot;left&quot;:&quot;&quot;,&quot;isLinked&quot;:true},&quot;form_spacing_mobile&quot;:{&quot;unit&quot;:&quot;px&quot;,&quot;top&quot;:&quot;&quot;,&quot;right&quot;:&quot;&quot;,&quot;bottom&quot;:&quot;&quot;,&quot;left&quot;:&quot;&quot;,&quot;isLinked&quot;:true},&quot;form_padding&quot;:{&quot;unit&quot;:&quot;px&quot;,&quot;top&quot;:&quot;&quot;,&quot;right&quot;:&quot;&quot;,&quot;bottom&quot;:&quot;&quot;,&quot;left&quot;:&quot;&quot;,&quot;isLinked&quot;:true},&quot;form_padding_tablet&quot;:{&quot;unit&quot;:&quot;px&quot;,&quot;top&quot;:&quot;&quot;,&quot;right&quot;:&quot;&quot;,&quot;bottom&quot;:&quot;&quot;,&quot;left&quot;:&quot;&quot;,&quot;isLinked&quot;:true},&quot;form_padding_mobile&quot;:{&quot;unit&quot;:&quot;px&quot;,&quot;top&quot;:&quot;&quot;,&quot;right&quot;:&quot;&quot;,&quot;bottom&quot;:&quot;&quot;,&quot;left&quot;:&quot;&quot;,&quot;isLinked&quot;:true},&quot;btn_padding&quot;:{&quot;unit&quot;:&quot;px&quot;,&quot;top&quot;:&quot;&quot;,&quot;right&quot;:&quot;&quot;,&quot;bottom&quot;:&quot;&quot;,&quot;left&quot;:&quot;&quot;,&quot;isLinked&quot;:true},&quot;btn_padding_tablet&quot;:{&quot;unit&quot;:&quot;px&quot;,&quot;top&quot;:&quot;&quot;,&quot;right&quot;:&quot;&quot;,&quot;bottom&quot;:&quot;&quot;,&quot;left&quot;:&quot;&quot;,&quot;isLinked&quot;:true},&quot;btn_padding_mobile&quot;:{&quot;unit&quot;:&quot;px&quot;,&quot;top&quot;:&quot;&quot;,&quot;right&quot;:&quot;&quot;,&quot;bottom&quot;:&quot;&quot;,&quot;left&quot;:&quot;&quot;,&quot;isLinked&quot;:true}}\" data-widget_type=\"minimalin_form.default\">\n\t\t\t\t<div class=\"elementor-widget-container\">\n\t\t\t\t\t\r\n\t<div class=\"contactarea__form sp_bottom_80\">\r\n\t\t<div class=\"container\">\r\n\t\t\t<div class=\"row\">\r\n\t\t\t\t<div class=\"col-xl-12\">\r\n\t\t\t\t\t<div class=\"contactarea__form__area town-award-section\">\r\n\t\t\t\t\t\t<h4 class=\"contactarea__form__title te-title\">Bize Mesaj\u0131n\u0131z\u0131 \u0130letin<\/h4>\t\t\t\t\t\t<div class=\"te-contact-form\">\r\n\t\t\t\t\t\t\t\n<div class=\"wpcf7 no-js\" id=\"wpcf7-f1413-o1\" lang=\"en-US\" dir=\"ltr\" data-wpcf7-id=\"1413\">\n<div class=\"screen-reader-response\"><p role=\"status\" aria-live=\"polite\" aria-atomic=\"true\"><\/p> <ul><\/ul><\/div>\n<form action=\"\/index.php\/wp-json\/wp\/v2\/pages\/1508#wpcf7-f1413-o1\" method=\"post\" class=\"wpcf7-form init\" aria-label=\"Contact form\" novalidate=\"novalidate\" data-status=\"init\">\n<fieldset class=\"hidden-fields-container\"><input type=\"hidden\" name=\"_wpcf7\" value=\"1413\" \/><input type=\"hidden\" name=\"_wpcf7_version\" value=\"6.1\" \/><input type=\"hidden\" name=\"_wpcf7_locale\" value=\"en_US\" \/><input type=\"hidden\" name=\"_wpcf7_unit_tag\" value=\"wpcf7-f1413-o1\" \/><input type=\"hidden\" name=\"_wpcf7_container_post\" value=\"0\" \/><input type=\"hidden\" name=\"_wpcf7_posted_data_hash\" value=\"\" \/>\n<\/fieldset>\n<div class=\"row\">\n\t<div class=\"col-xl-6 col-lg-6 col-md-6 col-12\">\n\t\t<div class=\"contactarea__form__input\">\n\t\t\t<p><span class=\"wpcf7-form-control-wrap\" data-name=\"text-883\"><input size=\"40\" maxlength=\"400\" class=\"wpcf7-form-control wpcf7-text wpcf7-validates-as-required\" aria-required=\"true\" aria-invalid=\"false\" placeholder=\"Ad\u0131n\u0131z Soyad\u0131n\u0131z\" value=\"\" type=\"text\" name=\"text-883\" \/><\/span>\n\t\t\t<\/p>\n\t\t<\/div>\n\t<\/div>\n\t<div class=\"col-xl-6 col-lg-6 col-md-6 col-12\">\n\t\t<div class=\"contactarea__form__input\">\n\t\t\t<p><span class=\"wpcf7-form-control-wrap\" data-name=\"email-662\"><input size=\"40\" maxlength=\"400\" class=\"wpcf7-form-control wpcf7-email wpcf7-validates-as-required wpcf7-text wpcf7-validates-as-email\" aria-required=\"true\" aria-invalid=\"false\" placeholder=\"Mail Adresiniz\" value=\"\" type=\"email\" name=\"email-662\" \/><\/span>\n\t\t\t<\/p>\n\t\t<\/div>\n\t<\/div>\n\t<div class=\"col-xl-6 col-lg-6 col-md-6 col-12\">\n\t\t<div class=\"contactarea__form__input\">\n\t\t\t<p><span class=\"wpcf7-form-control-wrap\" data-name=\"text-288\"><input size=\"40\" maxlength=\"400\" class=\"wpcf7-form-control wpcf7-text wpcf7-validates-as-required\" aria-required=\"true\" aria-invalid=\"false\" placeholder=\"Telefon Numaran\u0131z\" value=\"\" type=\"text\" name=\"text-288\" \/><\/span>\n\t\t\t<\/p>\n\t\t<\/div>\n\t<\/div>\n\t<div class=\"col-xl-6 col-lg-6 col-md-6 col-12\">\n\t\t<div class=\"contactarea__form__input\">\n\t\t\t<p><span class=\"wpcf7-form-control-wrap\" data-name=\"text-566\"><input size=\"40\" maxlength=\"400\" class=\"wpcf7-form-control wpcf7-text wpcf7-validates-as-required\" aria-required=\"true\" aria-invalid=\"false\" placeholder=\"L\u00fctfen Konuyu Giriniz\" value=\"\" type=\"text\" name=\"text-566\" \/><\/span>\n\t\t\t<\/p>\n\t\t<\/div>\n\t<\/div>\n\t<div class=\"col-xl-12\">\n\t\t<div class=\"contactarea__form__input\">\n\t\t\t<p><span class=\"wpcf7-form-control-wrap\" data-name=\"textarea-186\"><textarea cols=\"40\" rows=\"10\" maxlength=\"2000\" class=\"wpcf7-form-control wpcf7-textarea wpcf7-validates-as-required custom-textarea\" aria-required=\"true\" aria-invalid=\"false\" placeholder=\"L\u00fctfen Mesaj\u0131n\u0131z\u0131 Giriniz\" name=\"textarea-186\"><\/textarea><\/span>\n\t\t\t<\/p>\n\t\t<\/div>\n\t<\/div>\n\t<div class=\"col-xl-12\">\n\t\t<div class=\"contactarea__form__button\">\n\t\t\t<p><button type=\"submit\" value=\"submit\" class=\"default__button\" name=\"submit\">G\u00f6nder<\/button>\n\t\t\t<\/p>\n\t\t\t<p class=\"form-messege\">\n\t\t\t<\/p>\n\t\t<\/div>\n\t<\/div>\n<\/div><p style=\"display: none !important;\" class=\"akismet-fields-container\" data-prefix=\"_wpcf7_ak_\"><label>&#916;<textarea name=\"_wpcf7_ak_hp_textarea\" cols=\"45\" rows=\"8\" maxlength=\"100\"><\/textarea><\/label><input type=\"hidden\" id=\"ak_js_1\" name=\"_wpcf7_ak_js\" value=\"39\"\/><script type=\"text\/javascript\">\n\/* <![CDATA[ *\/\ndocument.getElementById( \"ak_js_1\" ).setAttribute( \"value\", ( new Date() ).getTime() );\n\/* ]]> *\/\n<\/script>\n<\/p><div class=\"wpcf7-response-output\" aria-hidden=\"true\"><\/div>\n<\/form>\n<\/div>\n\t\t\t\t\t\t<\/div>\r\n\t\t\t\t\t<\/div>\r\n\t\t\t\t<\/div>\r\n\t\t\t<\/div>\r\n\t\t<\/div>\r\n\t<\/div>\r\n    \r\n    \r\n    \t\t\t\t<\/div>\n\t\t\t\t<\/div>\n\t\t\t\t<\/div>\n\t\t<div class=\"elementor-element elementor-element-53cafca e-flex e-con-boxed e-con e-parent\" data-id=\"53cafca\" data-element_type=\"container\">\n\t\t\t\t\t<div class=\"e-con-inner\">\n\t\t\t\t<div class=\"elementor-element elementor-element-f2804f7 elementor-widget elementor-widget-google_maps\" data-id=\"f2804f7\" data-element_type=\"widget\" data-widget_type=\"google_maps.default\">\n\t\t\t\t\t\t\t<div class=\"elementor-custom-embed\">\n\t\t\t<iframe loading=\"lazy\"\n\t\t\t\t\tsrc=\"https:\/\/maps.google.com\/maps?q=K%C4%B1z%C4%B1ltoprak%20mah.%20Mevlana%20caddesi%20s%C3%B6zer%20apt%20no%3A8%20kat%3A1%20daire%3A2%20Muratpa%C5%9Fa%2F%20Antalya&#038;t=m&#038;z=17&#038;output=embed&#038;iwloc=near\"\n\t\t\t\t\ttitle=\"K\u0131z\u0131ltoprak mah. Mevlana caddesi s\u00f6zer apt no:8 kat:1 daire:2 Muratpa\u015fa\/ Antalya\"\n\t\t\t\t\taria-label=\"K\u0131z\u0131ltoprak mah. Mevlana caddesi s\u00f6zer apt no:8 kat:1 daire:2 Muratpa\u015fa\/ Antalya\"\n\t\t\t><\/iframe>\n\t\t<\/div>\n\t\t\t\t\t\t<\/div>\n\t\t\t\t\t<\/div>\n\t\t\t\t<\/div>\n\t\t\t\t<\/div>\n\t\t","protected":false},"excerpt":{"rendered":"<p>Bize Yaz\u0131n bilgi@zuna.com.tr emreerustt@gmail.com Bizi Aray\u0131n +90 534 898 10 41 +90 850 554 97 52 Bize Ula\u015f\u0131n K\u0131z\u0131ltoprak mah. Mevlana caddesi s\u00f6zer apt no:8 kat:1 daire:2 Muratpa\u015fa\/ Antalya Bize Mesaj\u0131n\u0131z\u0131 \u0130letin G\u00f6nder &#916;<\/p>\n","protected":false},"author":1,"featured_media":0,"parent":0,"menu_order":0,"comment_status":"closed","ping_status":"closed","template":"tpl-default-elementor.php","meta":{"footnotes":""},"class_list":["post-1508","page","type-page","status-publish","hentry"],"jetpack_sharing_enabled":true,"_links":{"self":[{"href":"https:\/\/zuna.com.tr\/index.php\/wp-json\/wp\/v2\/pages\/1508","targetHints":{"allow":["GET"]}}],"collection":[{"href":"https:\/\/zuna.com.tr\/index.php\/wp-json\/wp\/v2\/pages"}],"about":[{"href":"https:\/\/zuna.com.tr\/index.php\/wp-json\/wp\/v2\/types\/page"}],"author":[{"embeddable":true,"href":"https:\/\/zuna.com.tr\/index.php\/wp-json\/wp\/v2\/users\/1"}],"replies":[{"embeddable":true,"href":"https:\/\/zuna.com.tr\/index.php\/wp-json\/wp\/v2\/comments?post=1508"}],"version-history":[{"count":10,"href":"https:\/\/zuna.com.tr\/index.php\/wp-json\/wp\/v2\/pages\/1508\/revisions"}],"predecessor-version":[{"id":1603,"href":"https:\/\/zuna.com.tr\/index.php\/wp-json\/wp\/v2\/pages\/1508\/revisions\/1603"}],"wp:attachment":[{"href":"https:\/\/zuna.com.tr\/index.php\/wp-json\/wp\/v2\/media?parent=1508"}],"curies":[{"name":"wp","href":"https:\/\/api.w.org\/{rel}","templated":true}]}}