{"id":1504,"date":"2025-01-01T17:41:03","date_gmt":"2025-01-01T17:41:03","guid":{"rendered":"https:\/\/marinothemes.com\/wp\/minimalin\/?page_id=35"},"modified":"2025-07-30T05:25:39","modified_gmt":"2025-07-30T05:25:39","slug":"hakkimizda","status":"publish","type":"page","link":"https:\/\/zuna.com.tr\/index.php\/hakkimizda\/","title":{"rendered":"Hakk\u0131m\u0131zda"},"content":{"rendered":"\t\t<div data-elementor-type=\"wp-page\" data-elementor-id=\"1504\" class=\"elementor elementor-1504\">\n\t\t\t\t<div class=\"elementor-element elementor-element-07fe85b e-flex e-con-boxed e-con e-parent\" data-id=\"07fe85b\" data-element_type=\"container\">\n\t\t\t\t\t<div class=\"e-con-inner\">\n\t\t<div class=\"elementor-element elementor-element-3d9f8ab e-con-full e-flex e-con e-child\" data-id=\"3d9f8ab\" data-element_type=\"container\">\n\t\t\t\t<div class=\"elementor-element elementor-element-6532ceb elementor-widget elementor-widget-minimalin_hero_title\" data-id=\"6532ceb\" data-element_type=\"widget\" data-widget_type=\"minimalin_hero_title.default\">\n\t\t\t\t<div class=\"elementor-widget-container\">\n\t\t\t\t\t\r\n\t\t<div class=\"cowndown__banner__title te-box-title\">\r\n\t\t\t<h2 class=\"te-title minimalin-size-default\"><\/h2>\t\t\t<p class=\"te-text\">Baz\u0131 tasar\u0131mlar yaln\u0131zca g\u00f6ze de\u011fil, ruha hitap eder. Mimar Emre Er\u00fcst, y\u0131llar boyunca mek\u00e2nlara hayat verirken edindi\u011fi deneyimi, sanat ve i\u015flevselli\u011fi ayn\u0131 potada eriten bir koleksiyon vizyonuna d\u00f6n\u00fc\u015ft\u00fcrd\u00fc. Bu vizyonun ad\u0131 art\u0131k bir markaya d\u00f6n\u00fc\u015ft\u00fc: Zuna. Do\u011fadan ilham alan, zamans\u0131z ve \u00f6zg\u00fcn par\u00e7alar yaratma tutkusu, her bir detayda kendini hissettiren bir estetik anlay\u0131\u015f\u0131yla birle\u015fti. Emre Er\u00fcst\u2019\u00fcn imzas\u0131n\u0131 ta\u015f\u0131yan Zuna koleksiyonlar\u0131, ya\u015fad\u0131\u011f\u0131n\u0131z alanlara yaln\u0131zca bir e\u015fya de\u011fil; derinlik, denge ve kimlik kazand\u0131r\u0131yor.\n\n<\/p>\t\t<\/div>\r\n    \r\n    \t\t\t\t<\/div>\n\t\t\t\t<\/div>\n\t\t\t\t<\/div>\n\t\t<div class=\"elementor-element elementor-element-4cea117 e-con-full e-flex e-con e-child\" data-id=\"4cea117\" data-element_type=\"container\">\n\t\t\t\t<div class=\"elementor-element elementor-element-9a1da28 elementor-widget elementor-widget-image\" data-id=\"9a1da28\" data-element_type=\"widget\" data-widget_type=\"image.default\">\n\t\t\t\t\t\t\t\t\t\t\t\t\t\t\t<img fetchpriority=\"high\" decoding=\"async\" width=\"448\" height=\"448\" src=\"https:\/\/zuna.com.tr\/wp-content\/uploads\/2025\/07\/hakkimizda-zuna-1-e1753853539720-448x448.jpg\" class=\"attachment-minimalin_448x448 size-minimalin_448x448 wp-image-1684\" alt=\"\" srcset=\"https:\/\/zuna.com.tr\/wp-content\/uploads\/2025\/07\/hakkimizda-zuna-1-e1753853539720-448x448.jpg 448w, https:\/\/zuna.com.tr\/wp-content\/uploads\/2025\/07\/hakkimizda-zuna-1-e1753853539720-300x300.jpg 300w, https:\/\/zuna.com.tr\/wp-content\/uploads\/2025\/07\/hakkimizda-zuna-1-e1753853539720-150x150.jpg 150w, https:\/\/zuna.com.tr\/wp-content\/uploads\/2025\/07\/hakkimizda-zuna-1-e1753853539720-768x768.jpg 768w, https:\/\/zuna.com.tr\/wp-content\/uploads\/2025\/07\/hakkimizda-zuna-1-e1753853539720-800x800.jpg 800w, https:\/\/zuna.com.tr\/wp-content\/uploads\/2025\/07\/hakkimizda-zuna-1-e1753853539720-270x270.jpg 270w, https:\/\/zuna.com.tr\/wp-content\/uploads\/2025\/07\/hakkimizda-zuna-1-e1753853539720-600x600.jpg 600w, https:\/\/zuna.com.tr\/wp-content\/uploads\/2025\/07\/hakkimizda-zuna-1-e1753853539720-100x100.jpg 100w, https:\/\/zuna.com.tr\/wp-content\/uploads\/2025\/07\/hakkimizda-zuna-1-e1753853539720.jpg 944w\" sizes=\"(max-width: 448px) 100vw, 448px\" \/>\t\t\t\t\t\t\t\t\t\t\t\t\t\t\t<\/div>\n\t\t\t\t<\/div>\n\t\t\t\t\t<\/div>\n\t\t\t\t<\/div>\n\t\t<div class=\"elementor-element elementor-element-b135fd6 e-con-full e-flex e-con e-parent\" data-id=\"b135fd6\" data-element_type=\"container\">\n\t\t\t\t<div class=\"elementor-element elementor-element-6448cb1 elementor-widget elementor-widget-minimalin_video_section\" data-id=\"6448cb1\" data-element_type=\"widget\" data-widget_type=\"minimalin_video_section.default\">\n\t\t\t\t<div class=\"elementor-widget-container\">\n\t\t\t\t\t\r\n\t<div class=\"video sp_bottom_80\">\r\n\t\t<div class=\"container\">\r\n\t\t\t<div class=\"row\">\r\n\t\t\t\t<div class=\"col-xl-12\">\r\n\t\t\t\t\t<div class=\"video__img\">\r\n\t\t\t\t\t\t<img decoding=\"async\" class=\"te-img\" src=\"https:\/\/zuna.com.tr\/wp-content\/uploads\/2025\/07\/hakkimizda-2-e1753853000428.jpg\" alt=\"Zuna\">\r\n\t\t\t\t\t\t\t\t\t\t\t\t<div class=\"video__icon\">\r\n\t\t\t\t\t\t\t<a class=\"video-btn te-title\" href=\"https:\/\/www.youtube.com\/watch?v=JQpk-DoMn3I\"> <i class=\"fa fa-play\"><\/i><\/a>\r\n\t\t\t\t\t\t<\/div>\r\n\t\t\t\t\t\t\t\t\t\t\t<\/div>\r\n\t\t\t\t<\/div>\r\n\t\t\t<\/div>\r\n\t\t<\/div>\r\n\t<\/div>\r\n    \r\n    \t\t\t\t<\/div>\n\t\t\t\t<\/div>\n\t\t\t\t<\/div>\n\t\t<div class=\"elementor-element elementor-element-eec1ace e-flex e-con-boxed e-con e-parent\" data-id=\"eec1ace\" data-element_type=\"container\">\n\t\t\t\t\t<div class=\"e-con-inner\">\n\t\t<div class=\"elementor-element elementor-element-6166b6f e-con-full e-flex e-con e-child\" data-id=\"6166b6f\" data-element_type=\"container\">\n\t\t\t\t<div class=\"elementor-element elementor-element-cdea4ce elementor-widget elementor-widget-text-editor\" data-id=\"cdea4ce\" data-element_type=\"widget\" data-widget_type=\"text-editor.default\">\n\t\t\t\t\t\t\t\t\t<p data-start=\"798\" data-end=\"1267\"><strong data-start=\"798\" data-end=\"813\">zuna.com.tr<\/strong>, bu b\u00fct\u00fcnsel yakla\u015f\u0131m\u0131n dijital vitrinidir. Sitede yer alan her seramik, aksesuar ve tamamlay\u0131c\u0131 \u00fcr\u00fcn, mimari bir bak\u0131\u015f a\u00e7\u0131s\u0131n\u0131n ve titiz malzeme se\u00e7iminin sonucudur. Zuna, her \u00fcr\u00fcnle yaln\u0131zca bir form de\u011fil, bir his sunar. L\u00fcks kavram\u0131n\u0131 g\u00f6steri\u015fin \u00f6tesine ta\u015f\u0131yarak; dokunulas\u0131, anlaml\u0131 ve ya\u015fanabilir objelere d\u00f6n\u00fc\u015ft\u00fcr\u00fcr. Koleksiyonlar, evlerden otellere, ofislerden butik projelere kadar farkl\u0131 \u00f6l\u00e7eklerde mek\u00e2nlar\u0131 tamamlayan zarif bir dil konu\u015fur<\/p>\t\t\t\t\t\t\t\t<\/div>\n\t\t\t\t<\/div>\n\t\t<div class=\"elementor-element elementor-element-dcbf82a e-con-full e-flex e-con e-child\" data-id=\"dcbf82a\" data-element_type=\"container\">\n\t\t\t\t<div class=\"elementor-element elementor-element-f1bfc88 elementor-widget elementor-widget-text-editor\" data-id=\"f1bfc88\" data-element_type=\"widget\" data-widget_type=\"text-editor.default\">\n\t\t\t\t\t\t\t\t\t<p data-start=\"1269\" data-end=\"1626\">Bug\u00fcn Zuna, Emre Er\u00fcst\u2019\u00fcn \u00e7izgisinde ilerleyen bir ya\u015fam markas\u0131 olarak tasar\u0131m d\u00fcnyas\u0131nda yerini ald\u0131. Sade ama iddial\u0131, g\u00fc\u00e7l\u00fc ama naif\u2026 Zuna, mek\u00e2n\u0131n sadece estetik de\u011fil, ruhsal bir deneyim oldu\u011funa inananlara hitap eder. Emre Er\u00fcst\u2019\u00fcn mimari birikimi ve sanatsal sezgisiyle \u015fekillenen Zuna, her dokunu\u015fta zarafeti, her detayda sadeli\u011fi yeniden tan\u0131mlar.<\/p>\t\t\t\t\t\t\t\t<\/div>\n\t\t\t\t<\/div>\n\t\t\t\t\t<\/div>\n\t\t\t\t<\/div>\n\t\t\t\t<\/div>\n\t\t","protected":false},"excerpt":{"rendered":"<p>Baz\u0131 tasar\u0131mlar yaln\u0131zca g\u00f6ze de\u011fil, ruha hitap eder. Mimar Emre Er\u00fcst, y\u0131llar boyunca mek\u00e2nlara hayat verirken edindi\u011fi deneyimi, sanat ve i\u015flevselli\u011fi ayn\u0131 potada eriten bir koleksiyon vizyonuna d\u00f6n\u00fc\u015ft\u00fcrd\u00fc. Bu vizyonun ad\u0131 art\u0131k bir markaya d\u00f6n\u00fc\u015ft\u00fc: Zuna. Do\u011fadan ilham alan, zamans\u0131z ve \u00f6zg\u00fcn par\u00e7alar yaratma tutkusu, her bir detayda kendini hissettiren bir estetik anlay\u0131\u015f\u0131yla birle\u015fti. Emre [&hellip;]<\/p>\n","protected":false},"author":1,"featured_media":0,"parent":0,"menu_order":0,"comment_status":"closed","ping_status":"closed","template":"tpl-default-elementor.php","meta":{"footnotes":""},"class_list":["post-1504","page","type-page","status-publish","hentry"],"jetpack_sharing_enabled":true,"_links":{"self":[{"href":"https:\/\/zuna.com.tr\/index.php\/wp-json\/wp\/v2\/pages\/1504","targetHints":{"allow":["GET"]}}],"collection":[{"href":"https:\/\/zuna.com.tr\/index.php\/wp-json\/wp\/v2\/pages"}],"about":[{"href":"https:\/\/zuna.com.tr\/index.php\/wp-json\/wp\/v2\/types\/page"}],"author":[{"embeddable":true,"href":"https:\/\/zuna.com.tr\/index.php\/wp-json\/wp\/v2\/users\/1"}],"replies":[{"embeddable":true,"href":"https:\/\/zuna.com.tr\/index.php\/wp-json\/wp\/v2\/comments?post=1504"}],"version-history":[{"count":5,"href":"https:\/\/zuna.com.tr\/index.php\/wp-json\/wp\/v2\/pages\/1504\/revisions"}],"predecessor-version":[{"id":1688,"href":"https:\/\/zuna.com.tr\/index.php\/wp-json\/wp\/v2\/pages\/1504\/revisions\/1688"}],"wp:attachment":[{"href":"https:\/\/zuna.com.tr\/index.php\/wp-json\/wp\/v2\/media?parent=1504"}],"curies":[{"name":"wp","href":"https:\/\/api.w.org\/{rel}","templated":true}]}}