{"id":1495,"date":"2025-07-30T05:15:03","date_gmt":"2025-07-30T05:15:03","guid":{"rendered":"https:\/\/marinothemes.com\/wp\/minimalin\/?page_id=17"},"modified":"2025-07-30T05:15:05","modified_gmt":"2025-07-30T05:15:05","slug":"mesafelisatis","status":"publish","type":"page","link":"https:\/\/zuna.com.tr\/index.php\/mesafelisatis\/","title":{"rendered":"Mesafeli Sat\u0131\u015f S\u00f6zle\u015fmesi"},"content":{"rendered":"\n<p><strong>Y\u00fcr\u00fcrl\u00fck Tarihi:<\/strong> [30\/07\/2025]<\/p>\n\n\n\n<h2 class=\"wp-block-heading\"><strong>1 \u2013 TARAFLAR<\/strong><\/h2>\n\n\n\n<p><strong>SATICI<\/strong><br>Unvan: Emre Er\u00fcst<br>Adresi: K\u0131z\u0131ltoprak mah. Mevlana caddesi s\u00f6zer apt no:8 kat:1 daire:2 Muratpa\u015fa\/ Antalya<br>Telefon: 05348981041<br>Mersis No: [Mersis numaras\u0131]<br>E-Posta: emreerustt@gmail.com<br>\u0130ade Halinde Kullan\u0131lacak Kargo Firmas\u0131: Yurti\u00e7i Kargo<\/p>\n\n\n\n<p><strong>ALICI<\/strong><br>Ad\u0131 \u2013 Soyad\u0131: [Kullan\u0131c\u0131 taraf\u0131ndan sipari\u015f esnas\u0131nda girilen bilgiler]<br>Adresi: [Kullan\u0131c\u0131 taraf\u0131ndan girilen teslimat adresi]<br>Telefon: [Kullan\u0131c\u0131 taraf\u0131ndan bildirilen ileti\u015fim bilgisi]<br>E-Posta: [Kullan\u0131c\u0131 e-posta adresi]<\/p>\n\n\n\n<h2 class=\"wp-block-heading\"><strong>2 \u2013 S\u00d6ZLE\u015eMEN\u0130N KONUSU VE KAPSAMI<\/strong><\/h2>\n\n\n\n<p>\u0130\u015fbu Mesafeli Sat\u0131\u015f S\u00f6zle\u015fmesi (\u201cS\u00f6zle\u015fme\u201d), <strong>zuna.com.tr<\/strong> web sitesi \u00fczerinden elektronik ortamda sat\u0131n al\u0131nan \u00fcr\u00fcn veya hizmetin sat\u0131\u015f\u0131 ve teslimine ili\u015fkin taraflar\u0131n hak ve y\u00fck\u00fcml\u00fcl\u00fcklerini belirler. S\u00f6zle\u015fme; 6502 say\u0131l\u0131 T\u00fcketicinin Korunmas\u0131 Hakk\u0131nda Kanun ve 27.11.2014 tarihli Resmi Gazete&#8217;de yay\u0131mlanan Mesafeli S\u00f6zle\u015fmeler Y\u00f6netmeli\u011fi h\u00fck\u00fcmlerine uygundur.<\/p>\n\n\n\n<h2 class=\"wp-block-heading\"><strong>3 \u2013 \u00dcR\u00dcN VE TESL\u0130MAT<\/strong><\/h2>\n\n\n\n<p>Sat\u0131n al\u0131nan \u00fcr\u00fcn, sipari\u015fte belirtilen adrese ve ki\u015fi\/ki\u015filere teslim edilecektir. Teslimat, \u00f6deme tamamland\u0131ktan sonra en ge\u00e7 30 (otuz) g\u00fcn i\u00e7erisinde ger\u00e7ekle\u015ftirilir. Teslimat masraflar\u0131 aksi belirtilmedi\u011fi s\u00fcrece al\u0131c\u0131ya aittir.<\/p>\n\n\n\n<p>Mal\u0131n tesliminden sonra \u00fcr\u00fcn bedelinin, kart sahibinin kusuru olmaks\u0131z\u0131n bankaca sat\u0131c\u0131ya \u00f6denmemesi halinde al\u0131c\u0131, teslim ald\u0131\u011f\u0131 \u00fcr\u00fcn\u00fc 3 (\u00fc\u00e7) g\u00fcn i\u00e7inde iade etmekle y\u00fck\u00fcml\u00fcd\u00fcr.<\/p>\n\n\n\n<h2 class=\"wp-block-heading\"><strong>4 \u2013 SATICININ Y\u00dcK\u00dcML\u00dcL\u00dcKLER\u0130<\/strong><\/h2>\n\n\n\n<p>Sat\u0131c\u0131, sipari\u015fe konu \u00fcr\u00fcn\/hizmeti sa\u011flam, eksiksiz, s\u00f6zle\u015fmede belirtilen niteliklere uygun olarak, varsa garanti belgesi ve kullan\u0131m k\u0131lavuzu ile birlikte teslim etmekle y\u00fck\u00fcml\u00fcd\u00fcr.<\/p>\n\n\n\n<p>Sat\u0131c\u0131, m\u00fccbir sebep halleri d\u0131\u015f\u0131nda, sipari\u015fi kabul etti\u011fi andan itibaren 30 (otuz) g\u00fcn i\u00e7inde \u00fcr\u00fcn\u00fc teslim eder.<\/p>\n\n\n\n<h2 class=\"wp-block-heading\"><strong>5 \u2013 ALICININ Y\u00dcK\u00dcML\u00dcL\u00dcKLER\u0130<\/strong><\/h2>\n\n\n\n<p>Al\u0131c\u0131, web sitesi \u00fczerinden verdi\u011fi sipari\u015fte yer alan t\u00fcm bilgilerin do\u011frulu\u011funu beyan eder. \u00dcr\u00fcn\u00fcn hasarl\u0131, eksik ya da ay\u0131pl\u0131 olmas\u0131 durumunda bu durumu kargo teslimi s\u0131ras\u0131nda tespit etmekle y\u00fck\u00fcml\u00fcd\u00fcr. Teslim al\u0131nan \u00fcr\u00fcnle ilgili sonradan yap\u0131lan beyanlar, kargo tutana\u011f\u0131 yoksa ge\u00e7erli kabul edilmeyebilir.<\/p>\n\n\n\n<p>Al\u0131c\u0131, i\u015fbu s\u00f6zle\u015fmeyi ve \u00f6n bilgilendirme formunu elektronik ortamda teyit etmekle; \u00fcr\u00fcn \u00f6zellikleri, fiyat\u0131, \u00f6deme ve teslimat bilgileri hakk\u0131nda bilgi sahibi oldu\u011funu kabul eder.<\/p>\n\n\n\n<h2 class=\"wp-block-heading\"><strong>6 \u2013 CAYMA HAKKI<\/strong><\/h2>\n\n\n\n<p>Al\u0131c\u0131, \u00fcr\u00fcn tesliminden itibaren 14 (on d\u00f6rt) g\u00fcn i\u00e7inde hi\u00e7bir gerek\u00e7e g\u00f6stermeksizin cayma hakk\u0131n\u0131 kullanabilir. Cayma hakk\u0131 i\u00e7in:<\/p>\n\n\n\n<ul class=\"wp-block-list\">\n<li><strong>zuna.com.tr<\/strong> hesab\u0131n\u0131za giri\u015f yaparak &#8220;Sipari\u015flerim > \u0130ade Et&#8221; men\u00fcs\u00fcn\u00fc kullanman\u0131z,<\/li>\n\n\n\n<li>\u00dcr\u00fcn\u00fc, eksiksiz, kullan\u0131lmam\u0131\u015f ve hasars\u0131z olarak, fatura ve t\u00fcm aksesuarlar\u0131yla birlikte, <strong>anla\u015fmal\u0131 kargo firmas\u0131<\/strong> arac\u0131l\u0131\u011f\u0131yla sat\u0131c\u0131ya geri g\u00f6ndermeniz gerekmektedir.<\/li>\n<\/ul>\n\n\n\n<p>Sat\u0131c\u0131, cayma bildiriminin kendisine ula\u015fmas\u0131ndan itibaren 14 g\u00fcn i\u00e7inde \u00fcr\u00fcn bedelini, al\u0131c\u0131n\u0131n kulland\u0131\u011f\u0131 \u00f6deme y\u00f6ntemi ile iade edecektir.<\/p>\n\n\n\n<h2 class=\"wp-block-heading\"><strong>7 \u2013 CAYMA HAKKININ GE\u00c7ERL\u0130 OLMADI\u011eI DURUMLAR<\/strong><\/h2>\n\n\n\n<p>Al\u0131c\u0131, a\u015fa\u011f\u0131daki \u00fcr\u00fcn ve hizmetlerde cayma hakk\u0131n\u0131 kullanamaz:<\/p>\n\n\n\n<ul class=\"wp-block-list\">\n<li>T\u00fcketicinin istekleri do\u011frultusunda ki\u015fiye \u00f6zel haz\u0131rlanan \u00fcr\u00fcnler<\/li>\n\n\n\n<li>Ambalaj\u0131 a\u00e7\u0131lm\u0131\u015f hijyen \u00fcr\u00fcnleri<\/li>\n\n\n\n<li>Dijital i\u00e7erikler (indirme \u015feklinde sunulan yaz\u0131l\u0131mlar)<\/li>\n\n\n\n<li>Hediye kartlar\u0131, kuponlar<\/li>\n\n\n\n<li>Son kullanma tarihi ge\u00e7ebilecek \u00fcr\u00fcnler<\/li>\n\n\n\n<li>Fiyat\u0131 finansal piyasalardaki dalgalanmalara ba\u011fl\u0131 olan \u00fcr\u00fcnler (\u00f6rn. yat\u0131r\u0131m \u00fcr\u00fcn\u00fc niteli\u011findeki yaz\u0131l\u0131mlar)<\/li>\n\n\n\n<li>Elektronik ortamda an\u0131nda teslim edilen hizmetler<\/li>\n<\/ul>\n\n\n\n<h2 class=\"wp-block-heading\"><strong>8 \u2013 \u00dcR\u00dcN BEDEL\u0130 VE \u00d6DEME<\/strong><\/h2>\n\n\n\n<p>\u00dcr\u00fcn fiyat\u0131, sipari\u015f sayfas\u0131nda belirtilen tutard\u0131r. Fatura ve e-posta ile onaylanan tutar ge\u00e7erlidir. Kampanya, kupon ve promosyonlar \u00f6deme tutar\u0131na yans\u0131t\u0131l\u0131r.<\/p>\n\n\n\n<h2 class=\"wp-block-heading\"><strong>9 \u2013 TEMERR\u00dcT HAL\u0130<\/strong><\/h2>\n\n\n\n<p>Al\u0131c\u0131\u2019n\u0131n, kredi kart\u0131 ile yapt\u0131\u011f\u0131 \u00f6demelerde temerr\u00fcde d\u00fc\u015fmesi halinde; kart sahibi banka ile yapt\u0131\u011f\u0131 s\u00f6zle\u015fme uyar\u0131nca faiz ve gecikme bor\u00e7lar\u0131ndan sorumlu oldu\u011funu kabul eder. Bu durumda sat\u0131c\u0131, u\u011frayabilece\u011fi zararlar\u0131 hukuki yollarla talep etme hakk\u0131na sahiptir.<\/p>\n\n\n\n<h2 class=\"wp-block-heading\"><strong>10 \u2013 UYU\u015eMAZLIKLARIN \u00c7\u00d6Z\u00dcM\u00dc<\/strong><\/h2>\n\n\n\n<p>\u0130\u015fbu s\u00f6zle\u015fmeden do\u011fan uyu\u015fmazl\u0131klar i\u00e7in, her y\u0131l Ticaret Bakanl\u0131\u011f\u0131 taraf\u0131ndan ilan edilen parasal s\u0131n\u0131rlara g\u00f6re, al\u0131c\u0131n\u0131n yerle\u015fim yerindeki <strong>T\u00fcketici Hakem Heyetleri<\/strong> veya <strong>T\u00fcketici Mahkemeleri<\/strong> yetkilidir.<\/p>\n\n\n\n<h2 class=\"wp-block-heading\"><strong>11 \u2013 B\u0130LD\u0130R\u0130MLER VE DEL\u0130L S\u00d6ZLE\u015eMES\u0130<\/strong><\/h2>\n\n\n\n<p>Taraflar aras\u0131nda yap\u0131lacak her t\u00fcrl\u00fc yaz\u0131\u015fma, mevzuatta belirtilen zorunlu haller d\u0131\u015f\u0131nda, elektronik posta yoluyla veya web sitesindeki destek sistemleri \u00fczerinden yap\u0131lacakt\u0131r. Al\u0131c\u0131, do\u011fabilecek uyu\u015fmazl\u0131klarda sat\u0131c\u0131n\u0131n dijital kay\u0131tlar\u0131n\u0131n (veritaban\u0131, e-posta, log vb.) HMK 193. madde kapsam\u0131nda kesin delil te\u015fkil etti\u011fini kabul eder.<\/p>\n\n\n\n<h2 class=\"wp-block-heading\"><strong>12 \u2013 Y\u00dcR\u00dcRL\u00dcK<\/strong><\/h2>\n\n\n\n<p>\u0130\u015fbu s\u00f6zle\u015fme, al\u0131c\u0131 taraf\u0131ndan elektronik ortamda onayland\u0131\u011f\u0131 tarihte y\u00fcr\u00fcrl\u00fc\u011fe girer ve dijital ortamda saklan\u0131r. S\u00f6zle\u015fme, 12 (on iki) maddeden olu\u015fmakta olup, \u00f6n bilgilendirme formunun ayr\u0131lmaz bir par\u00e7as\u0131d\u0131r.<\/p>\n","protected":false},"excerpt":{"rendered":"<p>Y\u00fcr\u00fcrl\u00fck Tarihi: [30\/07\/2025] 1 \u2013 TARAFLAR SATICIUnvan: Emre Er\u00fcstAdresi: K\u0131z\u0131ltoprak mah. Mevlana caddesi s\u00f6zer apt no:8 kat:1 daire:2 Muratpa\u015fa\/ AntalyaTelefon: 05348981041Mersis No: [Mersis numaras\u0131]E-Posta: emreerustt@gmail.com\u0130ade Halinde Kullan\u0131lacak Kargo Firmas\u0131: Yurti\u00e7i Kargo ALICIAd\u0131 \u2013 Soyad\u0131: [Kullan\u0131c\u0131 taraf\u0131ndan sipari\u015f esnas\u0131nda girilen bilgiler]Adresi: [Kullan\u0131c\u0131 taraf\u0131ndan girilen teslimat adresi]Telefon: [Kullan\u0131c\u0131 taraf\u0131ndan bildirilen ileti\u015fim bilgisi]E-Posta: [Kullan\u0131c\u0131 e-posta adresi] 2 \u2013 [&hellip;]<\/p>\n","protected":false},"author":1,"featured_media":0,"parent":0,"menu_order":0,"comment_status":"closed","ping_status":"closed","template":"","meta":{"footnotes":""},"class_list":["post-1495","page","type-page","status-publish","hentry"],"jetpack_sharing_enabled":true,"_links":{"self":[{"href":"https:\/\/zuna.com.tr\/index.php\/wp-json\/wp\/v2\/pages\/1495","targetHints":{"allow":["GET"]}}],"collection":[{"href":"https:\/\/zuna.com.tr\/index.php\/wp-json\/wp\/v2\/pages"}],"about":[{"href":"https:\/\/zuna.com.tr\/index.php\/wp-json\/wp\/v2\/types\/page"}],"author":[{"embeddable":true,"href":"https:\/\/zuna.com.tr\/index.php\/wp-json\/wp\/v2\/users\/1"}],"replies":[{"embeddable":true,"href":"https:\/\/zuna.com.tr\/index.php\/wp-json\/wp\/v2\/comments?post=1495"}],"version-history":[{"count":1,"href":"https:\/\/zuna.com.tr\/index.php\/wp-json\/wp\/v2\/pages\/1495\/revisions"}],"predecessor-version":[{"id":1682,"href":"https:\/\/zuna.com.tr\/index.php\/wp-json\/wp\/v2\/pages\/1495\/revisions\/1682"}],"wp:attachment":[{"href":"https:\/\/zuna.com.tr\/index.php\/wp-json\/wp\/v2\/media?parent=1495"}],"curies":[{"name":"wp","href":"https:\/\/api.w.org\/{rel}","templated":true}]}}